{"id":384,"date":"2017-10-25T13:21:19","date_gmt":"2017-10-25T13:21:19","guid":{"rendered":"https:\/\/bmc.cat\/?page_id=384"},"modified":"2019-06-13T10:14:23","modified_gmt":"2019-06-13T10:14:23","slug":"orthopedics-and-traumatology","status":"publish","type":"page","link":"https:\/\/bmc.cat\/en\/treatment-in-barcelona\/medical-specialties\/orthopedics-and-traumatology\/","title":{"rendered":"Orthopedic surgery and Traumatology and Sports Medicine"},"content":{"rendered":"","protected":false},"excerpt":{"rendered":"<p>Barcelona pot anomenar-se  la &#8220;capital de la medicina esportiva&#8221; del m\u00f3n. Per exemple, el Dr. Ramon Cugat \u00e9s un cirurgi\u00e0 estel\u00b7lar, en el veritable sentit de la paraula. \u201cEls genolls dels millors atletes d&#8217;Europa han passat per les seves mans!\u201d<\/p>\n","protected":false},"author":4,"featured_media":0,"parent":294,"menu_order":22,"comment_status":"closed","ping_status":"closed","template":"child-page.php","meta":{"footnotes":""},"class_list":["post-384","page","type-page","status-publish","hentry"],"jetpack_sharing_enabled":true,"_links":{"self":[{"href":"https:\/\/bmc.cat\/en\/wp-json\/wp\/v2\/pages\/384","targetHints":{"allow":["GET"]}}],"collection":[{"href":"https:\/\/bmc.cat\/en\/wp-json\/wp\/v2\/pages"}],"about":[{"href":"https:\/\/bmc.cat\/en\/wp-json\/wp\/v2\/types\/page"}],"author":[{"embeddable":true,"href":"https:\/\/bmc.cat\/en\/wp-json\/wp\/v2\/users\/4"}],"replies":[{"embeddable":true,"href":"https:\/\/bmc.cat\/en\/wp-json\/wp\/v2\/comments?post=384"}],"version-history":[{"count":15,"href":"https:\/\/bmc.cat\/en\/wp-json\/wp\/v2\/pages\/384\/revisions"}],"predecessor-version":[{"id":1693,"href":"https:\/\/bmc.cat\/en\/wp-json\/wp\/v2\/pages\/384\/revisions\/1693"}],"up":[{"embeddable":true,"href":"https:\/\/bmc.cat\/en\/wp-json\/wp\/v2\/pages\/294"}],"wp:attachment":[{"href":"https:\/\/bmc.cat\/en\/wp-json\/wp\/v2\/media?parent=384"}],"curies":[{"name":"wp","href":"https:\/\/api.w.org\/{rel}","templated":true}]}}