{"id":382,"date":"2017-10-25T13:20:36","date_gmt":"2017-10-25T13:20:36","guid":{"rendered":"https:\/\/bmc.cat\/?page_id=382"},"modified":"2019-06-13T10:21:45","modified_gmt":"2019-06-13T10:21:45","slug":"urology-nephrology-and-andrology","status":"publish","type":"page","link":"https:\/\/bmc.cat\/en\/treatment-in-barcelona\/medical-specialties\/urology-nephrology-and-andrology\/","title":{"rendered":"Urology, Nephrology and Andrology"},"content":{"rendered":"","protected":false},"excerpt":{"rendered":"<p>Fa poc, l&#8217;equip d&#8217;especialistes de l&#8217;hospital universitari Hospital Cl\u00ednic va celebrar 50 anys des del primer trasplantament de rony\u00f3 d&#8217;Espanya realitzat en el seu hospital. Des de llavors, els especialistes de l&#8217;hospital van realitzar m\u00e9s de 4.000 trasplantaments de rony\u00f3 m\u00e9s de 800 d&#8217;ells de donant viu.<\/p>\n","protected":false},"author":4,"featured_media":0,"parent":294,"menu_order":36,"comment_status":"closed","ping_status":"closed","template":"child-page.php","meta":{"footnotes":""},"class_list":["post-382","page","type-page","status-publish","hentry"],"jetpack_sharing_enabled":true,"_links":{"self":[{"href":"https:\/\/bmc.cat\/en\/wp-json\/wp\/v2\/pages\/382","targetHints":{"allow":["GET"]}}],"collection":[{"href":"https:\/\/bmc.cat\/en\/wp-json\/wp\/v2\/pages"}],"about":[{"href":"https:\/\/bmc.cat\/en\/wp-json\/wp\/v2\/types\/page"}],"author":[{"embeddable":true,"href":"https:\/\/bmc.cat\/en\/wp-json\/wp\/v2\/users\/4"}],"replies":[{"embeddable":true,"href":"https:\/\/bmc.cat\/en\/wp-json\/wp\/v2\/comments?post=382"}],"version-history":[{"count":19,"href":"https:\/\/bmc.cat\/en\/wp-json\/wp\/v2\/pages\/382\/revisions"}],"predecessor-version":[{"id":1695,"href":"https:\/\/bmc.cat\/en\/wp-json\/wp\/v2\/pages\/382\/revisions\/1695"}],"up":[{"embeddable":true,"href":"https:\/\/bmc.cat\/en\/wp-json\/wp\/v2\/pages\/294"}],"wp:attachment":[{"href":"https:\/\/bmc.cat\/en\/wp-json\/wp\/v2\/media?parent=382"}],"curies":[{"name":"wp","href":"https:\/\/api.w.org\/{rel}","templated":true}]}}