{"id":55,"date":"2017-10-20T10:11:38","date_gmt":"2017-10-20T10:11:38","guid":{"rendered":"https:\/\/bmc.cat\/?page_id=55"},"modified":"2019-06-12T20:01:34","modified_gmt":"2019-06-12T20:01:34","slug":"bmc-in-press","status":"publish","type":"page","link":"https:\/\/bmc.cat\/ca\/people-press\/bmc-in-press\/","title":{"rendered":"BMC als Mitjans"},"content":{"rendered":"<p>Col\u00b7laborem en la preparaci\u00f3 de publicacions i reportatges de televisi\u00f3 sobre medicina tant a Espanya com en altres pa\u00efsos. D&#8217;altra banda, els mitjans parlen del nostre treball. Aqu\u00ed publiquem nom\u00e9s alguns dels reportatges en qu\u00e8 hem participat: entrevistes amb els millors especialistes, programes dels principals canals de televisi\u00f3&#8230;<\/p>","protected":false},"excerpt":{"rendered":"<p>Col\u00b7laborem en la preparaci\u00f3 de publicacions i reportatges de televisi\u00f3 sobre medicina tant a Espanya com en altres pa\u00efsos. D&#8217;altra banda, els mitjans parlen del nostre treball. Aqu\u00ed publiquem nom\u00e9s alguns dels reportatges en qu\u00e8 hem participat: entrevistes amb els millors especialistes, programes dels principals canals de televisi\u00f3&#8230;<\/p>\n","protected":false},"author":4,"featured_media":0,"parent":48,"menu_order":4,"comment_status":"closed","ping_status":"closed","template":"press-page.php","meta":{"footnotes":""},"class_list":["post-55","page","type-page","status-publish","hentry"],"jetpack_sharing_enabled":true,"_links":{"self":[{"href":"https:\/\/bmc.cat\/ca\/wp-json\/wp\/v2\/pages\/55","targetHints":{"allow":["GET"]}}],"collection":[{"href":"https:\/\/bmc.cat\/ca\/wp-json\/wp\/v2\/pages"}],"about":[{"href":"https:\/\/bmc.cat\/ca\/wp-json\/wp\/v2\/types\/page"}],"author":[{"embeddable":true,"href":"https:\/\/bmc.cat\/ca\/wp-json\/wp\/v2\/users\/4"}],"replies":[{"embeddable":true,"href":"https:\/\/bmc.cat\/ca\/wp-json\/wp\/v2\/comments?post=55"}],"version-history":[{"count":10,"href":"https:\/\/bmc.cat\/ca\/wp-json\/wp\/v2\/pages\/55\/revisions"}],"predecessor-version":[{"id":1681,"href":"https:\/\/bmc.cat\/ca\/wp-json\/wp\/v2\/pages\/55\/revisions\/1681"}],"up":[{"embeddable":true,"href":"https:\/\/bmc.cat\/ca\/wp-json\/wp\/v2\/pages\/48"}],"wp:attachment":[{"href":"https:\/\/bmc.cat\/ca\/wp-json\/wp\/v2\/media?parent=55"}],"curies":[{"name":"wp","href":"https:\/\/api.w.org\/{rel}","templated":true}]}}