{"id":441,"date":"2017-10-26T09:44:27","date_gmt":"2017-10-26T09:44:27","guid":{"rendered":"https:\/\/bmc.cat\/?page_id=441"},"modified":"2021-09-23T13:18:00","modified_gmt":"2021-09-23T11:18:00","slug":"hospital-quiron-teknon","status":"publish","type":"page","link":"https:\/\/bmc.cat\/ca\/treatment-in-barcelona\/hospitals-in-barcelona\/hospital-quiron-teknon\/","title":{"rendered":"Centre M\u00e8dic Teknon"},"content":{"rendered":"","protected":false},"excerpt":{"rendered":"<p>El Centre M\u00e8dic Teknon, un dels centres m\u00e9s bells d&#8217;Europa, \u00e9s considerat un hospital general privat de refer\u00e8ncia. Les tecnologies m\u00e9s avan\u00e7ades i el m\u00e9s alt nivell de confort, que es nota en cada detall, fan que l&#8217;hospital sigui un dels centres privats m\u00e9s sol\u00b7licitats.<\/p>\n","protected":false},"author":4,"featured_media":711,"parent":296,"menu_order":3,"comment_status":"closed","ping_status":"closed","template":"hospital-page.php","meta":{"footnotes":""},"class_list":["post-441","page","type-page","status-publish","has-post-thumbnail","hentry"],"jetpack_sharing_enabled":true,"_links":{"self":[{"href":"https:\/\/bmc.cat\/ca\/wp-json\/wp\/v2\/pages\/441","targetHints":{"allow":["GET"]}}],"collection":[{"href":"https:\/\/bmc.cat\/ca\/wp-json\/wp\/v2\/pages"}],"about":[{"href":"https:\/\/bmc.cat\/ca\/wp-json\/wp\/v2\/types\/page"}],"author":[{"embeddable":true,"href":"https:\/\/bmc.cat\/ca\/wp-json\/wp\/v2\/users\/4"}],"replies":[{"embeddable":true,"href":"https:\/\/bmc.cat\/ca\/wp-json\/wp\/v2\/comments?post=441"}],"version-history":[{"count":31,"href":"https:\/\/bmc.cat\/ca\/wp-json\/wp\/v2\/pages\/441\/revisions"}],"predecessor-version":[{"id":2097,"href":"https:\/\/bmc.cat\/ca\/wp-json\/wp\/v2\/pages\/441\/revisions\/2097"}],"up":[{"embeddable":true,"href":"https:\/\/bmc.cat\/ca\/wp-json\/wp\/v2\/pages\/296"}],"wp:featuredmedia":[{"embeddable":true,"href":"https:\/\/bmc.cat\/ca\/wp-json\/wp\/v2\/media\/711"}],"wp:attachment":[{"href":"https:\/\/bmc.cat\/ca\/wp-json\/wp\/v2\/media?parent=441"}],"curies":[{"name":"wp","href":"https:\/\/api.w.org\/{rel}","templated":true}]}}