{"id":406,"date":"2017-10-26T08:26:59","date_gmt":"2017-10-26T08:26:59","guid":{"rendered":"https:\/\/bmc.cat\/?page_id=406"},"modified":"2021-09-23T13:34:44","modified_gmt":"2021-09-23T11:34:44","slug":"hospital-quiron","status":"publish","type":"page","link":"https:\/\/bmc.cat\/ca\/treatment-in-barcelona\/hospitals-in-barcelona\/hospital-quiron\/","title":{"rendered":"Hospital Quiron"},"content":{"rendered":"","protected":false},"excerpt":{"rendered":"<p>L&#8217;Hospital Quir\u00f3n a Barcelona \u00e9s un centre general privat amb reputaci\u00f3 d&#8217;hospital punter a Espanya. Possiblement el millor equip quir\u00fargic del pa\u00eds est\u00e0 reunit a l&#8217;hospital i consisteix de veritables estrelles. Per la seva banda, l&#8217;Institut Oncol\u00f2gic IOB, que desenvolupa la funci\u00f3 de servei d&#8217;oncologia de Quir\u00f3n, est\u00e0 reconegut com a centre oncol\u00f2gic punter a nivell mundial.<\/p>\n","protected":false},"author":4,"featured_media":357,"parent":296,"menu_order":1,"comment_status":"closed","ping_status":"closed","template":"hospital-page.php","meta":{"footnotes":""},"class_list":["post-406","page","type-page","status-publish","has-post-thumbnail","hentry"],"jetpack_sharing_enabled":true,"_links":{"self":[{"href":"https:\/\/bmc.cat\/ca\/wp-json\/wp\/v2\/pages\/406","targetHints":{"allow":["GET"]}}],"collection":[{"href":"https:\/\/bmc.cat\/ca\/wp-json\/wp\/v2\/pages"}],"about":[{"href":"https:\/\/bmc.cat\/ca\/wp-json\/wp\/v2\/types\/page"}],"author":[{"embeddable":true,"href":"https:\/\/bmc.cat\/ca\/wp-json\/wp\/v2\/users\/4"}],"replies":[{"embeddable":true,"href":"https:\/\/bmc.cat\/ca\/wp-json\/wp\/v2\/comments?post=406"}],"version-history":[{"count":59,"href":"https:\/\/bmc.cat\/ca\/wp-json\/wp\/v2\/pages\/406\/revisions"}],"predecessor-version":[{"id":2095,"href":"https:\/\/bmc.cat\/ca\/wp-json\/wp\/v2\/pages\/406\/revisions\/2095"}],"up":[{"embeddable":true,"href":"https:\/\/bmc.cat\/ca\/wp-json\/wp\/v2\/pages\/296"}],"wp:featuredmedia":[{"embeddable":true,"href":"https:\/\/bmc.cat\/ca\/wp-json\/wp\/v2\/media\/357"}],"wp:attachment":[{"href":"https:\/\/bmc.cat\/ca\/wp-json\/wp\/v2\/media?parent=406"}],"curies":[{"name":"wp","href":"https:\/\/api.w.org\/{rel}","templated":true}]}}