{"id":380,"date":"2017-10-25T13:19:53","date_gmt":"2017-10-25T13:19:53","guid":{"rendered":"https:\/\/bmc.cat\/?page_id=380"},"modified":"2019-06-13T10:19:31","modified_gmt":"2019-06-13T10:19:31","slug":"gynaecology-obstetrics-and-assisted-reproduction","status":"publish","type":"page","link":"https:\/\/bmc.cat\/ca\/treatment-in-barcelona\/medical-specialties\/gynaecology-obstetrics-and-assisted-reproduction\/","title":{"rendered":"Ostetr\u00edcia, Ginecologia i Medicina reproductiva"},"content":{"rendered":"","protected":false},"excerpt":{"rendered":"<p>Un gran nombre de persones a tot el m\u00f3n trien Barcelona per a tractaments de ginecologia o per a la reproducci\u00f3 assistida: aix\u00ed 40% dels europeus que viatgen fora del seu pa\u00eds per un tractament de fertilitat opten per Espanya i en primer lloc per Barcelona per rebre el tractament.<\/p>\n","protected":false},"author":4,"featured_media":0,"parent":294,"menu_order":20,"comment_status":"closed","ping_status":"closed","template":"child-page.php","meta":{"footnotes":""},"class_list":["post-380","page","type-page","status-publish","hentry"],"jetpack_sharing_enabled":true,"_links":{"self":[{"href":"https:\/\/bmc.cat\/ca\/wp-json\/wp\/v2\/pages\/380","targetHints":{"allow":["GET"]}}],"collection":[{"href":"https:\/\/bmc.cat\/ca\/wp-json\/wp\/v2\/pages"}],"about":[{"href":"https:\/\/bmc.cat\/ca\/wp-json\/wp\/v2\/types\/page"}],"author":[{"embeddable":true,"href":"https:\/\/bmc.cat\/ca\/wp-json\/wp\/v2\/users\/4"}],"replies":[{"embeddable":true,"href":"https:\/\/bmc.cat\/ca\/wp-json\/wp\/v2\/comments?post=380"}],"version-history":[{"count":14,"href":"https:\/\/bmc.cat\/ca\/wp-json\/wp\/v2\/pages\/380\/revisions"}],"predecessor-version":[{"id":1694,"href":"https:\/\/bmc.cat\/ca\/wp-json\/wp\/v2\/pages\/380\/revisions\/1694"}],"up":[{"embeddable":true,"href":"https:\/\/bmc.cat\/ca\/wp-json\/wp\/v2\/pages\/294"}],"wp:attachment":[{"href":"https:\/\/bmc.cat\/ca\/wp-json\/wp\/v2\/media?parent=380"}],"curies":[{"name":"wp","href":"https:\/\/api.w.org\/{rel}","templated":true}]}}