{"id":378,"date":"2017-10-25T13:19:08","date_gmt":"2017-10-25T13:19:08","guid":{"rendered":"https:\/\/bmc.cat\/?page_id=378"},"modified":"2019-06-13T10:03:28","modified_gmt":"2019-06-13T10:03:28","slug":"neurorehabilitation","status":"publish","type":"page","link":"https:\/\/bmc.cat\/ca\/treatment-in-barcelona\/medical-specialties\/neurorehabilitation\/","title":{"rendered":"Neurorehabilitaci\u00f3"},"content":{"rendered":"","protected":false},"excerpt":{"rendered":"<p>L\u00b4Hospital Universitari Institut Guttmann \u00e9s un centre de refer\u00e8ncia en neuro-rehabilitaci\u00f3 a nivell internacional. Adults i nens despr\u00e9s de traumatisme crani-cef\u00e0lic, lesions medul\u00b7lars, ictus i altres problemes d&#8217;origen neurol\u00f2gic poden rebre aqu\u00ed el tractament medicoquir\u00fargic i rehabilitaci\u00f3 integral.<\/p>\n","protected":false},"author":4,"featured_media":0,"parent":294,"menu_order":18,"comment_status":"closed","ping_status":"closed","template":"child-page.php","meta":{"footnotes":""},"class_list":["post-378","page","type-page","status-publish","hentry"],"jetpack_sharing_enabled":true,"_links":{"self":[{"href":"https:\/\/bmc.cat\/ca\/wp-json\/wp\/v2\/pages\/378","targetHints":{"allow":["GET"]}}],"collection":[{"href":"https:\/\/bmc.cat\/ca\/wp-json\/wp\/v2\/pages"}],"about":[{"href":"https:\/\/bmc.cat\/ca\/wp-json\/wp\/v2\/types\/page"}],"author":[{"embeddable":true,"href":"https:\/\/bmc.cat\/ca\/wp-json\/wp\/v2\/users\/4"}],"replies":[{"embeddable":true,"href":"https:\/\/bmc.cat\/ca\/wp-json\/wp\/v2\/comments?post=378"}],"version-history":[{"count":21,"href":"https:\/\/bmc.cat\/ca\/wp-json\/wp\/v2\/pages\/378\/revisions"}],"predecessor-version":[{"id":1689,"href":"https:\/\/bmc.cat\/ca\/wp-json\/wp\/v2\/pages\/378\/revisions\/1689"}],"up":[{"embeddable":true,"href":"https:\/\/bmc.cat\/ca\/wp-json\/wp\/v2\/pages\/294"}],"wp:attachment":[{"href":"https:\/\/bmc.cat\/ca\/wp-json\/wp\/v2\/media?parent=378"}],"curies":[{"name":"wp","href":"https:\/\/api.w.org\/{rel}","templated":true}]}}