{"id":373,"date":"2017-10-25T13:17:04","date_gmt":"2017-10-25T13:17:04","guid":{"rendered":"https:\/\/bmc.cat\/?page_id=373"},"modified":"2019-06-13T09:57:42","modified_gmt":"2019-06-13T09:57:42","slug":"neurosurgery","status":"publish","type":"page","link":"https:\/\/bmc.cat\/ca\/treatment-in-barcelona\/medical-specialties\/neurosurgery\/","title":{"rendered":"Neurocirurgia"},"content":{"rendered":"","protected":false},"excerpt":{"rendered":"<p>Molts neurocirurgians de Barcelona s\u00f3n experts de talla mundial. Entre ells, autoritats en t\u00e8cniques m\u00ednimament invasives, com ara la neurocirurgia rob\u00f2tica, neuro-navegaci\u00f3 o neuro-endosc\u00f2pia; o doctors,  com ara Enric Ferrer, Gerardo Conesa o Pablo Clavel.<\/p>\n","protected":false},"author":4,"featured_media":0,"parent":294,"menu_order":19,"comment_status":"closed","ping_status":"closed","template":"child-page.php","meta":{"footnotes":""},"class_list":["post-373","page","type-page","status-publish","hentry"],"jetpack_sharing_enabled":true,"_links":{"self":[{"href":"https:\/\/bmc.cat\/ca\/wp-json\/wp\/v2\/pages\/373","targetHints":{"allow":["GET"]}}],"collection":[{"href":"https:\/\/bmc.cat\/ca\/wp-json\/wp\/v2\/pages"}],"about":[{"href":"https:\/\/bmc.cat\/ca\/wp-json\/wp\/v2\/types\/page"}],"author":[{"embeddable":true,"href":"https:\/\/bmc.cat\/ca\/wp-json\/wp\/v2\/users\/4"}],"replies":[{"embeddable":true,"href":"https:\/\/bmc.cat\/ca\/wp-json\/wp\/v2\/comments?post=373"}],"version-history":[{"count":16,"href":"https:\/\/bmc.cat\/ca\/wp-json\/wp\/v2\/pages\/373\/revisions"}],"predecessor-version":[{"id":1687,"href":"https:\/\/bmc.cat\/ca\/wp-json\/wp\/v2\/pages\/373\/revisions\/1687"}],"up":[{"embeddable":true,"href":"https:\/\/bmc.cat\/ca\/wp-json\/wp\/v2\/pages\/294"}],"wp:attachment":[{"href":"https:\/\/bmc.cat\/ca\/wp-json\/wp\/v2\/media?parent=373"}],"curies":[{"name":"wp","href":"https:\/\/api.w.org\/{rel}","templated":true}]}}