{"id":294,"date":"2017-10-24T14:19:37","date_gmt":"2017-10-24T14:19:37","guid":{"rendered":"https:\/\/bmc.cat\/?page_id=294"},"modified":"2019-06-13T09:35:41","modified_gmt":"2019-06-13T09:35:41","slug":"medical-specialties","status":"publish","type":"page","link":"https:\/\/bmc.cat\/ca\/treatment-in-barcelona\/medical-specialties\/","title":{"rendered":"Especialitats m\u00e8diques"},"content":{"rendered":"<p>BMC es responsabilitza d&#8217;organitzar tractaments per a pacients estrangers en 40 especialitats m\u00e8diques. Aqu\u00ed presentem aquelles en de les que Barcelona ofereix propostes destacades per als pacients privats i internacionals<\/p>\n<p>El Sistema Nacional de Salut amb cobertura per a tots els  ciutadans, ha aconseguit un excel\u00b7lent nivell de resultats. Catalunya amb Barcelona al capdavant compta amb una xarxa assistencial p\u00fablica, aix\u00ed com una xarxa privada amb centres de refer\u00e8ncia reconeguts internacionalment.<br \/>\n<\/p>","protected":false},"excerpt":{"rendered":"<p>BMC es responsabilitza d&#8217;organitzar tractaments per a pacients estrangers en 40 especialitats m\u00e8diques. Aqu\u00ed presentem aquelles en de les que Barcelona ofereix propostes destacades per als pacients privats i internacionals El Sistema Nacional de Salut amb cobertura per a tots els ciutadans, ha aconseguit un excel\u00b7lent nivell de resultats. Catalunya amb Barcelona al capdavant compta [&hellip;]<\/p>\n","protected":false},"author":4,"featured_media":0,"parent":199,"menu_order":1,"comment_status":"closed","ping_status":"closed","template":"specialties-page.php","meta":{"footnotes":""},"class_list":["post-294","page","type-page","status-publish","hentry"],"jetpack_sharing_enabled":true,"_links":{"self":[{"href":"https:\/\/bmc.cat\/ca\/wp-json\/wp\/v2\/pages\/294","targetHints":{"allow":["GET"]}}],"collection":[{"href":"https:\/\/bmc.cat\/ca\/wp-json\/wp\/v2\/pages"}],"about":[{"href":"https:\/\/bmc.cat\/ca\/wp-json\/wp\/v2\/types\/page"}],"author":[{"embeddable":true,"href":"https:\/\/bmc.cat\/ca\/wp-json\/wp\/v2\/users\/4"}],"replies":[{"embeddable":true,"href":"https:\/\/bmc.cat\/ca\/wp-json\/wp\/v2\/comments?post=294"}],"version-history":[{"count":8,"href":"https:\/\/bmc.cat\/ca\/wp-json\/wp\/v2\/pages\/294\/revisions"}],"predecessor-version":[{"id":1684,"href":"https:\/\/bmc.cat\/ca\/wp-json\/wp\/v2\/pages\/294\/revisions\/1684"}],"up":[{"embeddable":true,"href":"https:\/\/bmc.cat\/ca\/wp-json\/wp\/v2\/pages\/199"}],"wp:attachment":[{"href":"https:\/\/bmc.cat\/ca\/wp-json\/wp\/v2\/media?parent=294"}],"curies":[{"name":"wp","href":"https:\/\/api.w.org\/{rel}","templated":true}]}}