{"id":2053,"date":"2021-09-21T17:35:10","date_gmt":"2021-09-21T15:35:10","guid":{"rendered":"https:\/\/bmc.cat\/?page_id=2053"},"modified":"2021-09-23T13:35:44","modified_gmt":"2021-09-23T11:35:44","slug":"fond-puchverta","status":"publish","type":"page","link":"https:\/\/bmc.cat\/ca\/treatment-in-barcelona\/hospitals-in-barcelona\/fond-puchverta\/","title":{"rendered":"Fundaci\u00f3 Puigvert"},"content":{"rendered":"","protected":false},"excerpt":{"rendered":"<p>La Fundaci\u00f3 Puigvert \u00e9s l&#8217;\u00fanic hospital universitari d&#8217; Europa amb dedicaci\u00f3 exclusiva a Urologia, Nefrologia i Andrologia amb un alt\u00edssim volum assistencial en aquestes especialitats: m\u00e9s de 5.500 cirurgies i 90.000 visites m\u00e8diques anuals. L&#8217; Hospital \u00e9s una refer\u00e8ncia internacional gr\u00e0cies als resultats que ofereix, nous tractaments que introdueix, i per ser el m\u00e9s prestigi\u00f3s centre de recerca i doc\u00e8ncia en el seu camp.\u00a0<\/p>\n","protected":false},"author":4,"featured_media":2088,"parent":296,"menu_order":5,"comment_status":"closed","ping_status":"closed","template":"hospital-page.php","meta":{"footnotes":""},"class_list":["post-2053","page","type-page","status-publish","has-post-thumbnail","hentry"],"jetpack_sharing_enabled":true,"_links":{"self":[{"href":"https:\/\/bmc.cat\/ca\/wp-json\/wp\/v2\/pages\/2053","targetHints":{"allow":["GET"]}}],"collection":[{"href":"https:\/\/bmc.cat\/ca\/wp-json\/wp\/v2\/pages"}],"about":[{"href":"https:\/\/bmc.cat\/ca\/wp-json\/wp\/v2\/types\/page"}],"author":[{"embeddable":true,"href":"https:\/\/bmc.cat\/ca\/wp-json\/wp\/v2\/users\/4"}],"replies":[{"embeddable":true,"href":"https:\/\/bmc.cat\/ca\/wp-json\/wp\/v2\/comments?post=2053"}],"version-history":[{"count":32,"href":"https:\/\/bmc.cat\/ca\/wp-json\/wp\/v2\/pages\/2053\/revisions"}],"predecessor-version":[{"id":2099,"href":"https:\/\/bmc.cat\/ca\/wp-json\/wp\/v2\/pages\/2053\/revisions\/2099"}],"up":[{"embeddable":true,"href":"https:\/\/bmc.cat\/ca\/wp-json\/wp\/v2\/pages\/296"}],"wp:featuredmedia":[{"embeddable":true,"href":"https:\/\/bmc.cat\/ca\/wp-json\/wp\/v2\/media\/2088"}],"wp:attachment":[{"href":"https:\/\/bmc.cat\/ca\/wp-json\/wp\/v2\/media?parent=2053"}],"curies":[{"name":"wp","href":"https:\/\/api.w.org\/{rel}","templated":true}]}}